{"id":32,"date":"2017-10-31T07:44:25","date_gmt":"2017-10-31T07:44:25","guid":{"rendered":"http:\/\/demo2.drfuri.com\/manufactory\/?page_id=32"},"modified":"2025-05-21T07:01:09","modified_gmt":"2025-05-21T07:01:09","slug":"sobre-nos","status":"publish","type":"page","link":"https:\/\/www.edgeline.co.mz\/en\/sobre-nos\/","title":{"rendered":"About Us"},"content":{"rendered":"<div class=\"wpb-content-wrapper\"><div class=\"vc_row wpb_row vc_row-fluid\"><div class=\"container\"><div class=\"row\"><div class=\"wpb_column vc_column_container vc_col-sm-12\"><div class=\"vc_column-inner\"><div class=\"wpb_wrapper\"><div class=\"mf-empty-space\" style=\"\"><div class=\"mf_empty_space_lg\"  style=\"height: 80px\"><\/div><div class=\"mf_empty_space_md\"  style=\"height: 50px\"><\/div><div class=\"mf_empty_space_xs\"  style=\"height: 50px\"><\/div><\/div><\/div><\/div><\/div><\/div><\/div><\/div><div class=\"vc_row wpb_row vc_row-fluid\"><div class=\"container\"><div class=\"row\"><div class=\"wpb_column vc_column_container vc_col-sm-12 vc_col-lg-4 vc_col-md-12\"><div class=\"vc_column-inner\"><div class=\"wpb_wrapper\"><div class=\"mf-section-title text-left dark large-size\"><h2 >About Us<\/h2><\/div><div class=\"mf-empty-space\" style=\"\"><div class=\"mf_empty_space_lg\"  style=\"height: 50px\"><\/div><div class=\"mf_empty_space_md\"  style=\"height: 30px\"><\/div><div class=\"mf_empty_space_xs\"  style=\"height: 30px\"><\/div><\/div>\n\t<div class=\"wpb_text_column wpb_content_element\" >\n\t\t<div class=\"wpb_wrapper\">\n\t\t\t<p>The <strong>EDGELINE, S.A.<\/strong> is a public limited company incorporated under Mozambican law and whose corporate purpose, among others. Its object is the exploration and exploitation of mineral resources. In line with Mozambique's vision of development, the <strong>EDGELINE, SA.<\/strong> invests in processing and adding value to mineral resources, generating thousands of jobs with an economic and social impact.<\/p>\n<p><strong>EDGELINE, S.A.<\/strong>, a public limited company incorporated and registered under Mozambican law, with registered office at Frac\u00e7\u00e3o E5, Unidade do Bloco C, 6\u00b0 andar, Rua 3253, Distrito Municipal Ka-Maxaquene, Cidade de Maputo<\/p>\n\n\t\t<\/div>\n\t<\/div>\n<\/div><\/div><\/div><div class=\"wpb_column vc_column_container vc_col-sm-12 vc_col-lg-4 vc_col-md-12\"><div class=\"vc_column-inner\"><div class=\"wpb_wrapper\"><div class=\"mf-empty-space\" style=\"\"><div class=\"mf_empty_space_lg\"  style=\"height: 20px\"><\/div><div class=\"mf_empty_space_md\"  style=\"height: 20px\"><\/div><div class=\"mf_empty_space_xs\"  style=\"height: 20px\"><\/div><\/div><div class=\"mf-empty-space\" style=\"\"><div class=\"mf_empty_space_lg\"  style=\"height: 50px\"><\/div><div class=\"mf_empty_space_md\"  style=\"height: 30px\"><\/div><div class=\"mf_empty_space_xs\"  style=\"height: 30px\"><\/div><\/div><div class=\"mf-empty-space\" style=\"\"><div class=\"mf_empty_space_lg\"  style=\"height: 35px\"><\/div><div class=\"mf_empty_space_md\"  style=\"height: 30px\"><\/div><div class=\"mf_empty_space_xs\"  style=\"height: 30px\"><\/div><\/div>\n\t<div class=\"wpb_text_column wpb_content_element\" >\n\t\t<div class=\"wpb_wrapper\">\n\t\t\t<p>The materialization of the strategy for achieving a company's corporate purpose depends to a large extent on its organizational structure, which must focus on meeting the company's purpose from an operational point of view. The corporate structure of <strong>EDGELINE, S.A.<\/strong>, as a commercial company, has the following governing bodies\ua4fd<\/p>\n<ul>\n<li><strong>General Assembly<\/strong><\/li>\n<li><strong>Board of Directors<\/strong>\n<ul>\n<li><strong>Executive Directors<\/strong><\/li>\n<\/ul>\n<\/li>\n<li><strong>Supervisory Board<\/strong><\/li>\n<\/ul>\n\n\t\t<\/div>\n\t<\/div>\n<div class=\"mf-empty-space\" style=\"\"><div class=\"mf_empty_space_lg\"  style=\"height: 25px\"><\/div><div class=\"mf_empty_space_md\"  style=\"height: 25px\"><\/div><div class=\"mf_empty_space_xs\"  style=\"height: 25px\"><\/div><\/div><\/div><\/div><\/div><div class=\"wpb_column vc_column_container vc_col-sm-12 vc_col-lg-4 vc_col-md-12\"><div class=\"vc_column-inner\"><div class=\"wpb_wrapper\"><div class=\"mf-empty-space\" style=\"\"><div class=\"mf_empty_space_lg\"  style=\"height: 50px\"><\/div><div class=\"mf_empty_space_md\"  style=\"height: 30px\"><\/div><div class=\"mf_empty_space_xs\"  style=\"height: 30px\"><\/div><\/div><div class=\"mf-empty-space\" style=\"\"><div class=\"mf_empty_space_lg\"  style=\"height: 35px\"><\/div><div class=\"mf_empty_space_md\"  style=\"height: 30px\"><\/div><div class=\"mf_empty_space_xs\"  style=\"height: 30px\"><\/div><\/div><div class=\"vc_tta-container\" data-vc-action=\"collapse\"><div class=\"vc_general vc_tta vc_tta-accordion vc_tta-color-white vc_tta-style-flat vc_tta-shape-square vc_tta-o-shape-group vc_tta-controls-align-default\"><div class=\"vc_tta-panels-container\"><div class=\"vc_tta-panels\"><div class=\"vc_tta-panel\" id=\"1508747151686-14cd83fe-86c0\" data-vc-content=\".vc_tta-panel-body\"><div class=\"vc_tta-panel-heading\"><h4 class=\"vc_tta-panel-title vc_tta-controls-icon-position-left\"><a href=\"#1508747151686-14cd83fe-86c0\" data-vc-accordion data-vc-container=\".vc_tta-container\"><span class=\"vc_tta-title-text\">Our Mission<\/span><i class=\"vc_tta-controls-icon vc_tta-controls-icon-chevron\"><\/i><\/a><\/h4><\/div><div class=\"vc_tta-panel-body\">\n\t<div class=\"wpb_text_column wpb_content_element\" >\n\t\t<div class=\"wpb_wrapper\">\n\t\t\t<p>Aenean et arcu eros. Etiam vehicula risus quis tincidunt semper. Donec eu nisl congue, gravida eros ac, pharetra nunc. Donec mollis mi vel dapibus convallis. Sed in malesuada ligula, tempus efficitur justo.<\/p>\n\n\t\t<\/div>\n\t<\/div>\n<\/div><\/div><div class=\"vc_tta-panel vc_active\" id=\"1508747188911-376a52e4-45e9\" data-vc-content=\".vc_tta-panel-body\"><div class=\"vc_tta-panel-heading\"><h4 class=\"vc_tta-panel-title vc_tta-controls-icon-position-left\"><a href=\"#1508747188911-376a52e4-45e9\" data-vc-accordion data-vc-container=\".vc_tta-container\"><span class=\"vc_tta-title-text\">Our Vision<\/span><i class=\"vc_tta-controls-icon vc_tta-controls-icon-chevron\"><\/i><\/a><\/h4><\/div><div class=\"vc_tta-panel-body\">\n\t<div class=\"wpb_text_column wpb_content_element\" >\n\t\t<div class=\"wpb_wrapper\">\n\t\t\t<p>Aenean et arcu eros. Etiam vehicula risus quis tincidunt semper. Donec eu nisl congue, gravida eros ac, pharetra nunc. Donec mollis mi vel dapibus convallis. Sed in malesuada ligula, tempus efficitur justo.<\/p>\n\n\t\t<\/div>\n\t<\/div>\n<\/div><\/div><div class=\"vc_tta-panel\" id=\"1508747186558-5a68f830-d129\" data-vc-content=\".vc_tta-panel-body\"><div class=\"vc_tta-panel-heading\"><h4 class=\"vc_tta-panel-title vc_tta-controls-icon-position-left\"><a href=\"#1508747186558-5a68f830-d129\" data-vc-accordion data-vc-container=\".vc_tta-container\"><span class=\"vc_tta-title-text\">Our Strategy<\/span><i class=\"vc_tta-controls-icon vc_tta-controls-icon-chevron\"><\/i><\/a><\/h4><\/div><div class=\"vc_tta-panel-body\">\n\t<div class=\"wpb_text_column wpb_content_element\" >\n\t\t<div class=\"wpb_wrapper\">\n\t\t\t<p>Aenean et arcu eros. Etiam vehicula risus quis tincidunt semper. Donec eu nisl congue, gravida eros ac, pharetra nunc. Donec mollis mi vel dapibus convallis. Sed in malesuada ligula, tempus efficitur justo.<\/p>\n\n\t\t<\/div>\n\t<\/div>\n<\/div><\/div><\/div><\/div><\/div><\/div><div class=\"mf-empty-space\" style=\"\"><div class=\"mf_empty_space_lg\"  style=\"height: 50px\"><\/div><div class=\"mf_empty_space_md\"  style=\"height: 30px\"><\/div><div class=\"mf_empty_space_xs\"  style=\"height: 30px\"><\/div><\/div><\/div><\/div><\/div><\/div><\/div><\/div><div class=\"vc_row wpb_row vc_row-fluid vc_custom_1580721032455 vc_row-has-fill vc_row-o-equal-height vc_row-o-content-middle vc_row-flex parallax no-parallax-mobile\"><div class=\"container\"><div class=\"row\"><div class=\"wpb_column vc_column_container vc_col-sm-12 vc_col-lg-9 vc_col-md-8\"><div class=\"vc_column-inner\"><div class=\"wpb_wrapper\"><h2 style=\"font-size: 20px;text-align: left\" class=\"vc_custom_heading vc_do_custom_heading fw-medium main-color vc_custom_1747205100004\" >Innovative solutions in products and services for mining projects and automated operations.<\/h2><div class=\"mf-empty-space\" style=\"\"><div class=\"mf_empty_space_lg\" ><\/div><div class=\"mf_empty_space_md\" ><\/div><div class=\"mf_empty_space_xs\"  style=\"height: 30px\"><\/div><\/div><\/div><\/div><\/div><div class=\"wpb_column vc_column_container vc_col-sm-12 vc_col-lg-3 vc_col-md-4\"><div class=\"vc_column-inner\"><div class=\"wpb_wrapper\"><div class=\"mf-button align-right style-1\"><a class=\"button mf-btn\" href=\"https:\/\/www.edgeline.co.mz\/en\/market-sectors\/\">Our projects<\/a><\/div><\/div><\/div><\/div><\/div><\/div><\/div><div class=\"vc_row wpb_row vc_row-fluid\"><div class=\"container\"><div class=\"row\"><div class=\"wpb_column vc_column_container vc_col-sm-12\"><div class=\"vc_column-inner\"><div class=\"wpb_wrapper\"><div class=\"mf-empty-space\" style=\"\"><div class=\"mf_empty_space_lg\"  style=\"height: 80px\"><\/div><div class=\"mf_empty_space_md\"  style=\"height: 50px\"><\/div><div class=\"mf_empty_space_xs\"  style=\"height: 50px\"><\/div><\/div><div class=\"mf-section-title text-left dark large-size\"><h2 >Our team<\/h2><\/div><div class=\"mf-team team-carousel\">\n\t\t\t\t<div class=\"team-list owl-carousel\" id=\"team-slider-69de22be79da8\"><div class=\"team-member\">\n\t\t\t\t\t\t<div class=\"team-header\"><img decoding=\"async\" class=\"\" src=\"https:\/\/www.edgeline.co.mz\/wp-content\/uploads\/2025\/05\/AVATAR01.jpg\" width=\"265\" height=\"220\" alt=\"AVATAR01\" title=\"AVATAR01\" loading=\"lazy\" \/><ul class=\"team-social\"><li><a href=\"https:\/\/facebook.com\/\" target=\"_blank\"><i class=\"fa fa-facebook\"><\/i><\/a><\/li><li><a href=\"https:\/\/twitter.com\/\" target=\"_blank\"><i class=\"fa fa-twitter\"><\/i><\/a><\/li><li><a href=\"https:\/\/www.skype.com\/\" target=\"_blank\"><i class=\"fa fa-skype\"><\/i><\/a><\/li><\/ul><\/div>\n\t\t\t\t\t\t<div class=\"team-info\"><h4 class=\"name\">Chairman of the Board of Directors<\/h4><\/div>\n\t\t\t\t\t<\/div><div class=\"team-member\">\n\t\t\t\t\t\t<div class=\"team-header\"><img decoding=\"async\" class=\"\" src=\"https:\/\/www.edgeline.co.mz\/wp-content\/uploads\/2025\/05\/AVATAR01.jpg\" width=\"265\" height=\"220\" alt=\"AVATAR01\" title=\"AVATAR01\" loading=\"lazy\" \/><ul class=\"team-social\"><li><a href=\"https:\/\/facebook.com\/\" target=\"_blank\"><i class=\"fa fa-facebook\"><\/i><\/a><\/li><li><a href=\"https:\/\/twitter.com\/\" target=\"_blank\"><i class=\"fa fa-twitter\"><\/i><\/a><\/li><li><a href=\"https:\/\/www.skype.com\/\" target=\"_blank\"><i class=\"fa fa-skype\"><\/i><\/a><\/li><\/ul><\/div>\n\t\t\t\t\t\t<div class=\"team-info\"><h4 class=\"name\">Executive Director<\/h4><\/div>\n\t\t\t\t\t<\/div><div class=\"team-member\">\n\t\t\t\t\t\t<div class=\"team-header\"><img decoding=\"async\" class=\"\" src=\"https:\/\/www.edgeline.co.mz\/wp-content\/uploads\/2025\/05\/AVATAR01.jpg\" width=\"265\" height=\"220\" alt=\"AVATAR01\" title=\"AVATAR01\" loading=\"lazy\" \/><ul class=\"team-social\"><li><a href=\"https:\/\/facebook.com\/\" target=\"_blank\"><i class=\"fa fa-facebook\"><\/i><\/a><\/li><li><a href=\"https:\/\/twitter.com\/\" target=\"_blank\"><i class=\"fa fa-twitter\"><\/i><\/a><\/li><li><a href=\"https:\/\/www.skype.com\/\" target=\"_blank\"><i class=\"fa fa-skype\"><\/i><\/a><\/li><\/ul><\/div>\n\t\t\t\t\t\t<div class=\"team-info\"><h4 class=\"name\">Director of the Study, Planning, Project Development and Analysis Department<\/h4><\/div>\n\t\t\t\t\t<\/div><div class=\"team-member\">\n\t\t\t\t\t\t<div class=\"team-header\"><img decoding=\"async\" class=\"\" src=\"https:\/\/www.edgeline.co.mz\/wp-content\/uploads\/2025\/05\/AVATAR01.jpg\" width=\"265\" height=\"220\" alt=\"AVATAR01\" title=\"AVATAR01\" loading=\"lazy\" \/><ul class=\"team-social\"><li><a href=\"https:\/\/facebook.com\/\" target=\"_blank\"><i class=\"fa fa-facebook\"><\/i><\/a><\/li><li><a href=\"https:\/\/twitter.com\/\" target=\"_blank\"><i class=\"fa fa-twitter\"><\/i><\/a><\/li><li><a href=\"https:\/\/www.skype.com\/\" target=\"_blank\"><i class=\"fa fa-skype\"><\/i><\/a><\/li><\/ul><\/div>\n\t\t\t\t\t\t<div class=\"team-info\"><h4 class=\"name\">Director of the Communication, Image and Institutional Relations Department<\/h4><\/div>\n\t\t\t\t\t<\/div><div class=\"team-member\">\n\t\t\t\t\t\t<div class=\"team-header\"><img decoding=\"async\" class=\"\" src=\"https:\/\/www.edgeline.co.mz\/wp-content\/uploads\/2025\/05\/AVATAR01.jpg\" width=\"265\" height=\"220\" alt=\"AVATAR01\" title=\"AVATAR01\" loading=\"lazy\" \/><ul class=\"team-social\"><li><a href=\"https:\/\/facebook.com\/\" target=\"_blank\"><i class=\"fa fa-facebook\"><\/i><\/a><\/li><li><a href=\"https:\/\/twitter.com\/\" target=\"_blank\"><i class=\"fa fa-twitter\"><\/i><\/a><\/li><li><a href=\"https:\/\/www.skype.com\/\" target=\"_blank\"><i class=\"fa fa-skype\"><\/i><\/a><\/li><\/ul><\/div>\n\t\t\t\t\t\t<div class=\"team-info\"><h4 class=\"name\">Director of the Legal Office<\/h4><\/div>\n\t\t\t\t\t<\/div><\/div>\n\t\t\t<\/div><div class=\"mf-empty-space\" style=\"\"><div class=\"mf_empty_space_lg\"  style=\"height: 5px\"><\/div><div class=\"mf_empty_space_md\"  style=\"height: 5px\"><\/div><div class=\"mf_empty_space_xs\"  style=\"height: 5px\"><\/div><\/div><div class=\"mf-empty-space\" style=\"\"><div class=\"mf_empty_space_lg\"  style=\"height: 80px\"><\/div><div class=\"mf_empty_space_md\"  style=\"height: 50px\"><\/div><div class=\"mf_empty_space_xs\"  style=\"height: 50px\"><\/div><\/div><\/div><\/div><\/div><\/div><\/div><\/div>\n<\/div>","protected":false},"excerpt":{"rendered":"Sobre N\u00f3s A EDGELINE, S.A. \u00e9 uma sociedade an\u00f3nima constitu\u00edda com base no direito mo\u00e7ambicano e que tem como objecto social, de entre outros. Seu objecto passa pela pesquisa e explora\u00e7\u00e3o de recursos minerais. Alinhada com a vis\u00e3o de desenvolvimento de Mocambique, a EDGELINE, SA. investe no processamento e adicao de valor de recursos minerais, [...]","protected":false},"author":1,"featured_media":3987,"parent":0,"menu_order":0,"comment_status":"closed","ping_status":"closed","template":"template-fullwidth.php","meta":{"footnotes":""},"class_list":["post-32","page","type-page","status-publish","has-post-thumbnail","hentry",""],"_links":{"self":[{"href":"https:\/\/www.edgeline.co.mz\/en\/wp-json\/wp\/v2\/pages\/32","targetHints":{"allow":["GET"]}}],"collection":[{"href":"https:\/\/www.edgeline.co.mz\/en\/wp-json\/wp\/v2\/pages"}],"about":[{"href":"https:\/\/www.edgeline.co.mz\/en\/wp-json\/wp\/v2\/types\/page"}],"author":[{"embeddable":true,"href":"https:\/\/www.edgeline.co.mz\/en\/wp-json\/wp\/v2\/users\/1"}],"replies":[{"embeddable":true,"href":"https:\/\/www.edgeline.co.mz\/en\/wp-json\/wp\/v2\/comments?post=32"}],"version-history":[{"count":19,"href":"https:\/\/www.edgeline.co.mz\/en\/wp-json\/wp\/v2\/pages\/32\/revisions"}],"predecessor-version":[{"id":4084,"href":"https:\/\/www.edgeline.co.mz\/en\/wp-json\/wp\/v2\/pages\/32\/revisions\/4084"}],"wp:featuredmedia":[{"embeddable":true,"href":"https:\/\/www.edgeline.co.mz\/en\/wp-json\/wp\/v2\/media\/3987"}],"wp:attachment":[{"href":"https:\/\/www.edgeline.co.mz\/en\/wp-json\/wp\/v2\/media?parent=32"}],"curies":[{"name":"wp","href":"https:\/\/api.w.org\/{rel}","templated":true}]}}