{"id":44,"date":"2017-10-31T07:46:22","date_gmt":"2017-10-31T07:46:22","guid":{"rendered":"http:\/\/demo2.drfuri.com\/manufactory\/?page_id=44"},"modified":"2025-05-13T13:33:43","modified_gmt":"2025-05-13T13:33:43","slug":"market-sectors","status":"publish","type":"page","link":"https:\/\/www.edgeline.co.mz\/en\/market-sectors\/","title":{"rendered":"Market Sectors"},"content":{"rendered":"<div class=\"wpb-content-wrapper\"><div class=\"vc_row wpb_row vc_row-fluid\"><div class=\"container\"><div class=\"row\"><div class=\"wpb_column vc_column_container vc_col-sm-12\"><div class=\"vc_column-inner\"><div class=\"wpb_wrapper\"><div class=\"mf-empty-space\" style=\"\"><div class=\"mf_empty_space_lg\"  style=\"height: 30px\"><\/div><div class=\"mf_empty_space_md\"  style=\"height: 30px\"><\/div><div class=\"mf_empty_space_xs\"  style=\"height: 30px\"><\/div><\/div><div class=\"mf-section-title text-left dark large-size\"><h2 >Market Sectors<\/h2><\/div><div class=\"mf-empty-space\" style=\"\"><div class=\"mf_empty_space_lg\"  style=\"height: 60px\"><\/div><div class=\"mf_empty_space_md\"  style=\"height: 60px\"><\/div><div class=\"mf_empty_space_xs\"  style=\"height: 60px\"><\/div><\/div><\/div><\/div><\/div><\/div><\/div><\/div><div class=\"vc_row wpb_row vc_row-fluid\"><div class=\"container\"><div class=\"row\"><div class=\"wpb_column vc_column_container vc_col-sm-4\"><div class=\"vc_column-inner\"><div class=\"wpb_wrapper\"><div class=\"mf-services-2 icon_type-image style-2\"><div class=\"service-title\"><h4><a href=\"#\" title=\"\">Construction and Operation of Ports<\/a><\/h4><\/div><div class=\"service-summary\"><div class=\"service-thumbnail\"><a href=\"#\"><span class=\"service-icon\"><i class=\"fa fa-link\"><\/i><\/span><img decoding=\"async\" class=\"\" src=\"https:\/\/www.edgeline.co.mz\/wp-content\/uploads\/2025\/05\/ports-web.jpg\" width=\"370\" height=\"200\" alt=\"ports-web\" title=\"ports-web\" loading=\"lazy\" \/><\/a><\/div><div class=\"service-desc\"><\/div><\/div><\/div><\/div><\/div><\/div><div class=\"wpb_column vc_column_container vc_col-sm-4\"><div class=\"vc_column-inner\"><div class=\"wpb_wrapper\"><div class=\"mf-services-2 icon_type-image style-2\"><div class=\"service-title\"><h4><a href=\"#\" title=\"\">Design, Construction and Operation of a Free Trade Zone<\/a><\/h4><\/div><div class=\"service-summary\"><div class=\"service-thumbnail\"><a href=\"#\"><span class=\"service-icon\"><i class=\"fa fa-link\"><\/i><\/span><img decoding=\"async\" class=\"\" src=\"https:\/\/www.edgeline.co.mz\/wp-content\/uploads\/2025\/05\/zonafranca.jpg\" width=\"370\" height=\"200\" alt=\"zona&#039;franca\" title=\"zona&#039;franca\" loading=\"lazy\" \/><\/a><\/div><div class=\"service-desc\"><\/div><\/div><\/div><\/div><\/div><\/div><div class=\"wpb_column vc_column_container vc_col-sm-4\"><div class=\"vc_column-inner\"><div class=\"wpb_wrapper\"><div class=\"mf-services-2 icon_type-image style-2\"><div class=\"service-title\"><h4><a href=\"#\" title=\"\">Designing a Citadel<\/a><\/h4><\/div><div class=\"service-summary\"><div class=\"service-thumbnail\"><a href=\"#\"><span class=\"service-icon\"><i class=\"fa fa-link\"><\/i><\/span><img decoding=\"async\" class=\"\" src=\"https:\/\/www.edgeline.co.mz\/wp-content\/uploads\/2025\/05\/cidadela.jpg\" width=\"370\" height=\"200\" alt=\"cidadela\" title=\"cidadela\" loading=\"lazy\" \/><\/a><\/div><div class=\"service-desc\"><\/div><\/div><\/div><\/div><\/div><\/div><\/div><\/div><\/div><div class=\"vc_row wpb_row vc_row-fluid\"><div class=\"container\"><div class=\"row\"><div class=\"wpb_column vc_column_container vc_col-sm-4\"><div class=\"vc_column-inner\"><div class=\"wpb_wrapper\"><div class=\"mf-services-2 icon_type-image style-2\"><div class=\"service-title\"><h4><a href=\"#\" title=\"\">Design, construction and operation of an industrial zone<\/a><\/h4><\/div><div class=\"service-summary\"><div class=\"service-thumbnail\"><a href=\"#\"><span class=\"service-icon\"><i class=\"fa fa-link\"><\/i><\/span><img decoding=\"async\" class=\"\" src=\"https:\/\/www.edgeline.co.mz\/wp-content\/uploads\/2025\/05\/01.jpg\" width=\"370\" height=\"200\" alt=\"01\" title=\"01\" loading=\"lazy\" \/><\/a><\/div><div class=\"service-desc\"><\/div><\/div><\/div><\/div><\/div><\/div><div class=\"wpb_column vc_column_container vc_col-sm-4\"><div class=\"vc_column-inner\"><div class=\"wpb_wrapper\"><div class=\"mf-services-2 icon_type-image style-2\"><div class=\"service-title\"><h4><a href=\"#\" title=\"\">Reconnaissance, research, prospecting, exploration, development, production<\/a><\/h4><\/div><div class=\"service-summary\"><div class=\"service-thumbnail\"><a href=\"#\"><span class=\"service-icon\"><i class=\"fa fa-link\"><\/i><\/span><img decoding=\"async\" class=\"\" src=\"https:\/\/www.edgeline.co.mz\/wp-content\/uploads\/2025\/05\/explocaracao.jpg\" width=\"370\" height=\"200\" alt=\"explocaracao\" title=\"explocaracao\" loading=\"lazy\" \/><\/a><\/div><div class=\"service-desc\"><\/div><\/div><\/div><\/div><\/div><\/div><div class=\"wpb_column vc_column_container vc_col-sm-4\"><div class=\"vc_column-inner\"><div class=\"wpb_wrapper\"><div class=\"mf-services-2 icon_type-image style-2\"><div class=\"service-title\"><h4><a href=\"#\" title=\"\">Marketing, export, purchase and sale of mineral resources<\/a><\/h4><\/div><div class=\"service-summary\"><div class=\"service-thumbnail\"><a href=\"#\"><span class=\"service-icon\"><i class=\"fa fa-link\"><\/i><\/span><img decoding=\"async\" class=\"\" src=\"https:\/\/www.edgeline.co.mz\/wp-content\/uploads\/2025\/05\/mineracao.jpg\" width=\"370\" height=\"200\" alt=\"mineracao\" title=\"mineracao\" loading=\"lazy\" \/><\/a><\/div><div class=\"service-desc\"><\/div><\/div><\/div><\/div><\/div><\/div><\/div><\/div><\/div><div class=\"vc_row wpb_row vc_row-fluid\"><div class=\"container\"><div class=\"row\"><div class=\"wpb_column vc_column_container vc_col-sm-4\"><div class=\"vc_column-inner\"><div class=\"wpb_wrapper\"><div class=\"mf-services-2 icon_type-image style-2\"><div class=\"service-title\"><h4><a href=\"#\" title=\"\">Industrial processing of products<\/a><\/h4><\/div><div class=\"service-summary\"><div class=\"service-thumbnail\"><a href=\"#\"><span class=\"service-icon\"><i class=\"fa fa-link\"><\/i><\/span><img decoding=\"async\" class=\"\" src=\"https:\/\/www.edgeline.co.mz\/wp-content\/uploads\/2025\/05\/processo-industrial.jpg\" width=\"370\" height=\"200\" alt=\"processo-industrial\" title=\"processo-industrial\" loading=\"lazy\" \/><\/a><\/div><div class=\"service-desc\"><\/div><\/div><\/div><\/div><\/div><\/div><div class=\"wpb_column vc_column_container vc_col-sm-4\"><div class=\"vc_column-inner\"><div class=\"wpb_wrapper\"><div class=\"mf-services-2 icon_type-image style-2\"><div class=\"service-title\"><h4><a href=\"#\" title=\"\">Construction and management of goods and equipment factories<\/a><\/h4><\/div><div class=\"service-summary\"><div class=\"service-thumbnail\"><a href=\"#\"><span class=\"service-icon\"><i class=\"fa fa-link\"><\/i><\/span><img decoding=\"async\" class=\"\" src=\"https:\/\/www.edgeline.co.mz\/wp-content\/uploads\/2025\/05\/equipamentos.jpg\" width=\"370\" height=\"200\" alt=\"equipamentos\" title=\"equipamentos\" loading=\"lazy\" \/><\/a><\/div><div class=\"service-desc\"><\/div><\/div><\/div><\/div><\/div><\/div><div class=\"wpb_column vc_column_container vc_col-sm-4\"><div class=\"vc_column-inner\"><div class=\"wpb_wrapper\"><div class=\"mf-services-2 icon_type-image style-2\"><div class=\"service-title\"><h4><a href=\"#\" title=\"\">Import, distribution and export of fuels<\/a><\/h4><\/div><div class=\"service-summary\"><div class=\"service-thumbnail\"><a href=\"#\"><span class=\"service-icon\"><i class=\"fa fa-link\"><\/i><\/span><img decoding=\"async\" class=\"\" src=\"https:\/\/www.edgeline.co.mz\/wp-content\/uploads\/2025\/05\/combustivel.jpg\" width=\"370\" height=\"200\" alt=\"combustivel\" title=\"combustivel\" loading=\"lazy\" \/><\/a><\/div><div class=\"service-desc\"><\/div><\/div><\/div><\/div><\/div><\/div><\/div><\/div><\/div><div class=\"vc_row wpb_row vc_row-fluid\"><div class=\"container\"><div class=\"row\"><div class=\"wpb_column vc_column_container vc_col-sm-12\"><div class=\"vc_column-inner\"><div class=\"wpb_wrapper\"><\/div><\/div><\/div><\/div><\/div><\/div>\n<\/div>","protected":false},"excerpt":{"rendered":"Sectores de MercadoConstru\u00e7\u00e3o e Explora\u00e7\u00e3o de PortosConcep\u00e7\u00e3o, Constru\u00e7\u00e3o e Explora\u00e7\u00e3o de uma Zona FrancaConcep\u00e7\u00e3o de uma CidadelaProjec\u00e7\u00e3o, constru\u00e7\u00e3o e explora\u00e7\u00e3o de uma Zona IndustrialReconhecimento, pesquisa, prospec\u00e7\u00e3o, explora\u00e7\u00e3o, desenvolvimento, produ\u00e7\u00e3oComercializa\u00e7\u00e3o, exporta\u00e7\u00e3o, compra e venda de recursos mineraisProcessamento industrial de produtosConstru\u00e7\u00e3o e gest\u00e3o de f\u00e1bricas de bens e equipamentosImporta\u00e7\u00e3o, distribui\u00e7\u00e3o e exporta\u00e7\u00e3o de combust\u00edveis","protected":false},"author":1,"featured_media":0,"parent":0,"menu_order":0,"comment_status":"closed","ping_status":"closed","template":"template-fullwidth.php","meta":{"footnotes":""},"class_list":["post-44","page","type-page","status-publish","hentry","no-thumb"],"_links":{"self":[{"href":"https:\/\/www.edgeline.co.mz\/en\/wp-json\/wp\/v2\/pages\/44","targetHints":{"allow":["GET"]}}],"collection":[{"href":"https:\/\/www.edgeline.co.mz\/en\/wp-json\/wp\/v2\/pages"}],"about":[{"href":"https:\/\/www.edgeline.co.mz\/en\/wp-json\/wp\/v2\/types\/page"}],"author":[{"embeddable":true,"href":"https:\/\/www.edgeline.co.mz\/en\/wp-json\/wp\/v2\/users\/1"}],"replies":[{"embeddable":true,"href":"https:\/\/www.edgeline.co.mz\/en\/wp-json\/wp\/v2\/comments?post=44"}],"version-history":[{"count":10,"href":"https:\/\/www.edgeline.co.mz\/en\/wp-json\/wp\/v2\/pages\/44\/revisions"}],"predecessor-version":[{"id":4035,"href":"https:\/\/www.edgeline.co.mz\/en\/wp-json\/wp\/v2\/pages\/44\/revisions\/4035"}],"wp:attachment":[{"href":"https:\/\/www.edgeline.co.mz\/en\/wp-json\/wp\/v2\/media?parent=44"}],"curies":[{"name":"wp","href":"https:\/\/api.w.org\/{rel}","templated":true}]}}